{"id":2335,"date":"2021-08-20T23:08:02","date_gmt":"2021-08-20T21:08:02","guid":{"rendered":"http:\/\/xampp.local\/optimus\/?page_id=2335"},"modified":"2026-01-10T22:24:15","modified_gmt":"2026-01-10T20:24:15","slug":"api-sdk-interface","status":"publish","type":"page","link":"https:\/\/optimussoftware.de\/en\/api-sdk-interface","title":{"rendered":"API \/ SDK interface"},"content":{"rendered":"<p><section class=\"kc-elm kc-css-488553 kc_row\"><div class=\"kc-row-container  kc-container\"><div class=\"kc-wrap-columns\"><div class=\"kc-elm kc-css-101892 kc_col-sm-12 kc_column kc_col-sm-12\"><div class=\"kc-col-container\">\n<div class=\"kc-elm kc-css-26884 kc-title-wrap \">\n\n\t<h1 class=\"kc_title\">Optimus API Schnittstelle<\/h1>\n<\/div>\n<div class=\"kc-elm kc-css-69892 kc_text_block\"><\/p>\n<p>\nStand der Beschreibung: 20.04.2021<\/p>\n<p>\n<\/div><\/div><\/div><\/div><\/div><\/section><section data-kc-equalheight=\"true\" data-kc-equalheight-align=\"top\" class=\"kc-elm kc-css-402746 kc_row\"><div class=\"kc-row-container  kc-container\"><div class=\"kc-wrap-columns\"><div class=\"kc-elm kc-css-198469 kc_col-sm-10 kc_column kc_col-sm-10\"><div class=\"api-text kc-col-container\">\n<div class=\"kc-elm kc-css-192897 kc-title-wrap \">\n\n\t<div  id=\"Einfuhrung\"><h1 class=\"kc_title\">Einf\u00fchrung<\/h1><\/div>\n<\/div>\n<div class=\"kc-elm kc-css-614095 kc_text_block optimus-orderd-list-nums\"><\/p>\n<p>Optimus Software bietet Ihnen interaktive API-Schnittstellen f\u00fcr die direkte Integration<br \/><strong>aller Pr\u00fcfungsfunktionen<\/strong> in Ihr System\u00a0unabh\u00e4ngig davon, ob Sie diese<br \/>in ein ERP-, CRM- oder Webshop-System integrieren.<\/p>\n<p>APIs sind von zentraler Bedeutung f\u00fcr die Service-to-Service-Kommunikation.<\/p>\n<p>Je nach Anwendungsfall stehen Ihnen zwei Integrationsm\u00f6glichkeiten zur Verf\u00fcgung:<\/p>\n<ol>\n<li><strong>All-in-One Aufruf<\/strong><\/li>\n<li><strong>Online USt-ID Pr\u00fcfer API<\/strong><\/li>\n<li><strong>Hybrider Ansatz<\/strong><\/li>\n<\/ol>\n<h3>1. All-In-One-API (Einzelaufruf mit vollst\u00e4ndigem Funktionsumfang)<\/h3>\n<p>Die All-In-One-API ist ein <strong>zentraler, parametrisch gesteuerter API-Aufruf<\/strong>,<br \/>der s\u00e4mtliche Pr\u00fcfungsfunktionen in einem einzigen Request b\u00fcndelt.<br \/>Alle fachlichen Optionen werden ausschlie\u00dflich \u00fcber Parameter gesteuert;<br \/>zus\u00e4tzliche API-Logik ist nicht erforderlich.<\/p>\n<p>\u00dcber einen einzigen Aufruf k\u00f6nnen unter anderem folgende Funktionen aktiviert oder<br \/>deaktiviert werden:<\/p>\n<ul>\n<li>Einfache oder qualifizierte USt-ID-Pr\u00fcfung<\/li>\n<li>Optionaler Pr\u00fcfbericht als PDF<\/li>\n<li>Optional eIDAS-konforme Zeitstempel-Signatur des PDF-Berichts<\/li>\n<li>Optionale Korrektur und R\u00fcckgabe erkannter Stammdatenabweichungen<\/li>\n<li>Optionale Transliteration nicht-lateinischer Schriftzeichen<\/li>\n<li>\u00dcbergabe mehrerer Pr\u00fcfdatens\u00e4tze innerhalb eines Requests<\/li>\n<\/ul>\n<p>Die Pr\u00fcfungsergebnisse werden <strong>direkt im Response<\/strong> zur\u00fcckgegeben und k\u00f6nnen<br \/>unmittelbar im eigenen System weiterverarbeitet werden.<\/p>\n<p><strong>Einsatzempfehlung:<\/strong><br \/>Ideal f\u00fcr Kunden, die die Pr\u00fcfung vollst\u00e4ndig in ihre eigenen Prozesse integrieren<br \/>m\u00f6chten und maximale Flexibilit\u00e4t bei minimalem Integrationsaufwand ben\u00f6tigen.<\/p>\n<h3>2. API zur Steuerung der Online-Konsole (Integration der Web-L\u00f6sung)<\/h3>\n<p>Diese API erm\u00f6glicht die <strong>technische Anbindung und Steuerung unserer webbasierten<br \/>Optimus-Pr\u00fcfer-L\u00f6sung<\/strong> direkt aus Ihrem System heraus.<br \/>Die fachliche Logik, Automatisierung, Pr\u00fcfung und Archivierung verbleiben vollst\u00e4ndig<br \/>in der Online-L\u00f6sung, w\u00e4hrend Ihr System die Daten und Konfiguration steuert.<\/p>\n<p><strong>Typische Anwendungsf\u00e4lle:<\/strong><\/p>\n<ul>\n<li>Import oder Synchronisierung von Stammdaten (z. B. aus ERP-Systemen)<\/li>\n<li>Steuerung von Automatik- und Monitoring-Funktionen (z. B. Pr\u00fcfintervalle, Benachrichtigungen)<\/li>\n<li>Nutzung der automatischen Pr\u00fcfung ohne eigene Implementierung der Pr\u00fcflogik<\/li>\n<li>Verwendung der integrierten Archivierungs- und Reporting-Funktionen<\/li>\n<\/ul>\n<p>Die eigentliche Pr\u00fcfung wird automatisiert durch unsere Online-L\u00f6sung durchgef\u00fchrt.<br \/>Ihr System fungiert dabei als f\u00fchrende Instanz f\u00fcr Daten und Konfiguration,<br \/>nicht f\u00fcr die Pr\u00fcflogik selbst.<\/p>\n<p><strong>Einsatzempfehlung:<\/strong><br \/>Geeignet, wenn bew\u00e4hrte Funktionen wie Monitoring, Automatik und revisionssichere<br \/>Archivierung genutzt werden sollen, gleichzeitig aber eine nahtlose Systemintegration<br \/>erforderlich ist.<\/p>\n<h3>3. Hybrider Ansatz<\/h3>\n<p>Beide API-Typen sind Bestandteil derselben API-L\u00f6sung und k\u00f6nnen gleichzeitig genutzt<br \/>und flexibel miteinander kombiniert werden; es ist nur ein Zugang erforderlich,<br \/>die Unterscheidung erfolgt ausschlie\u00dflich \u00fcber die jeweiligen API-Aufrufe.<\/p>\n<p><a title=\"Optimus Software API Beschreibung PDF\" href=\"https:\/\/optimussoftware.de\/wp-content\/uploads\/2026\/01\/Optimus-Software-API-Beschreibung.pdf\" target=\"_blank\" rel=\"noopener\"><strong>API-Beschreibung als PDF herunterladen<\/strong><\/a><\/p>\n<p>\n<\/div>\n<div class=\"kc-elm kc-css-755068 kc-title-wrap \">\n\n\t<div  id=\"SoStarten\"><h1 class=\"kc_title\">So starten Sie durch<\/h1><\/div>\n<\/div>\n<div class=\"kc-elm kc-css-192873 kc_text_block\"><\/p>\n<p>Um durchzustarten ben\u00f6tigen Sie zuerst eine g\u00fcltigen Access Token f\u00fcr die APIs. Diesen erhalten Sie \u00fcber die Anmeldung im Online Pr\u00fcfer unter Einstellungen -> API Token.<\/p>\n<\/p>\n<p>\n<\/div><div class=\"kc-elm kc-css-496794 kc-raw-code\"><div class=\"video-player\">\r\n\t<video id=\"videoOpti6\" muted=\"\" loop=\"\" autoplay=\"\" style=\"max-width:100%;width:100%;    box-shadow: 0 19px 58px -23px rgba(0, 0, 0, 0.75), 0 0 0 1px rgba(0, 0, 0, 0.05);\">\r\n\t\t<source src=\"https:\/\/optimussoftware.de\/wp-content\/uploads\/2021\/04\/0-02-05-e2f96fc928d4218cc4efbbad3aa9d57074e4729042a9a64caaf0abd84688a934_7be8b4b9.mp4\" type=\"video\/mp4\">\r\n\t<\/video>\r\n\t<button data-reload=\"videoOpti6\"><i class=\"fa fa-redo\" aria-hidden=\"true\"><\/i><\/button>\r\n<\/div><\/div>\n<div class=\"kc-elm kc-css-668217 kc-title-wrap \">\n\n\t<div  id=\"All-in-One\"><h1 class=\"kc_title\">All-in-One API Beispiel<\/h1><\/div>\n<\/div>\n\n<div class=\"kc-elm kc-css-157196 kc-title-wrap \">\n\n\t<div  id=\"Ubersicht\"><h2 class=\"kc_title\">\u00dcbersicht<\/h2><\/div>\n<\/div>\n<div class=\"kc-elm kc-css-932361 kc_text_block\"><\/p>\n<p>Der Grundsatz dieser Anbindungsvariante ist die <strong>Simplizit\u00e4t<\/strong> der Integration.<\/p>\n<p>Mit diesem API-Aufruf \u00fcbermitteln Sie eine beliebige Anzahl von Datens\u00e4tzen sowie<br \/>zus\u00e4tzlich die gew\u00fcnschten Pr\u00fcfungsoptionen.<\/p>\n<p>So k\u00f6nnen Sie mit nur einem Aufruf eine <strong>Massenpr\u00fcfung von USt-ID-Nummern<\/strong><br \/>durchf\u00fchren und die Ergebnisse direkt im Response erhalten.<\/p>\n<p>\u00dcber optional gesetzte Parameter kann zus\u00e4tzlich ein<br \/><strong>revisionssicherer PDF-Bericht mit qualifizierter digitaler Signatur<\/strong><br \/>zur\u00fcckgegeben werden.<\/p>\n<p>Sollten ein oder mehrere \u00fcbermittelte Datenfelder <strong>fehlerhaft oder unvollst\u00e4ndig sein<\/strong>,<br \/>liefert die Schnittstelle die <strong>korrekt ermittelten<\/strong> Werte als Vorschlag zur\u00fcck.<br \/>Diese k\u00f6nnen bei Bedarf direkt \u00fcbernommen und zur <strong>Stammdatenkorrektur<\/strong> verwendet werden.<\/p>\n<p>\n<\/div><div class=\"kc-elm kc-css-490062 kc-raw-code\"><h3>POST \/api\/implementation\/direct-check<\/h3>\r\n\r\n<p>\r\nDieser Endpunkt stellt den zentralen <strong>All-In-One-Pr\u00fcfaufruf<\/strong> dar.\r\n\u00dcber einen einzelnen POST-Request k\u00f6nnen eine oder mehrere USt-ID-Pr\u00fcfungen\r\ndurchgef\u00fchrt und vollst\u00e4ndig \u00fcber Parameter gesteuert werden.\r\n<\/p>\r\n\r\n<p>\r\nDie Schnittstelle unterst\u00fctzt einfache und qualifizierte Pr\u00fcfungen sowie\r\noptionale Zusatzfunktionen wie PDF-Pr\u00fcfberichte, qualifizierte digitale\r\nZeitstempel-Signaturen, Transliteration und Stammdatenkorrekturen.\r\n<\/p>\r\n\r\n<p>\r\nAlle Pr\u00fcfungsergebnisse werden <strong>synchron im Response<\/strong> zur\u00fcckgegeben\r\nund k\u00f6nnen unmittelbar im aufrufenden System weiterverarbeitet werden.\r\n<\/p>\r\n\r\n<div class=\"optimus-table\">\r\n  <div class=\"container optimus-table-list\">\r\n\r\n    <div class=\"row small optimus-row-item\">\r\n      <div class=\"col-sm-3 text-left text-bold\">Feld<\/div>\r\n      <div class=\"col-sm-2 text-left text-bold\">Typ<\/div>\r\n      <div class=\"col-sm-7 text-left text-bold\">Beschreibung<\/div>\r\n    <\/div>\r\n\r\n    <div class=\"row small optimus-row-item\">\r\n      <div class=\"col-sm-3 text-left text-bold\">requestPDFReport<\/div>\r\n      <div class=\"col-sm-2 text-left\">boolean<\/div>\r\n      <div class=\"col-sm-7 text-left\">\r\n        Steuert, ob ein Pr\u00fcfbericht als PDF erzeugt und im Response zur\u00fcckgegeben wird.\r\n      <\/div>\r\n    <\/div>\r\n\r\n    <div class=\"row small optimus-row-item\">\r\n      <div class=\"col-sm-3 text-left text-bold\">digitallySignPdfReportQtsLtv<\/div>\r\n      <div class=\"col-sm-2 text-left\">boolean<\/div>\r\n      <div class=\"col-sm-7 text-left\">\r\n        Aktiviert eine qualifizierte digitale Zeitstempel-Signatur\r\n        (nur in Kombination mit <em>requestPDFReport<\/em>).\r\n      <\/div>\r\n    <\/div>\r\n\r\n    <div class=\"row small optimus-row-item\">\r\n      <div class=\"col-sm-3 text-left text-bold\">transliteration<\/div>\r\n      <div class=\"col-sm-2 text-left\">boolean<\/div>\r\n      <div class=\"col-sm-7 text-left\">\r\n        Transliteriert nicht-lateinische Schriftzeichen in lateinische Schrift.\r\n      <\/div>\r\n    <\/div>\r\n\r\n    <div class=\"row small optimus-row-item\">\r\n      <div class=\"col-sm-3 text-left text-bold\">checkDataList<\/div>\r\n      <div class=\"col-sm-2 text-left\">CheckData[]<\/div>\r\n      <div class=\"col-sm-7 text-left\">\r\n        Liste der zu pr\u00fcfenden Datens\u00e4tze. Mehrere Eintr\u00e4ge erm\u00f6glichen eine Massenpr\u00fcfung.\r\n      <\/div>\r\n    <\/div>\r\n\r\n    <div class=\"row small optimus-row-item\">\r\n      <div class=\"col-sm-3 text-left text-bold\">id<\/div>\r\n      <div class=\"col-sm-2 text-left\">string<\/div>\r\n      <div class=\"col-sm-7 text-left\">\r\n        Eindeutige ID aus Ihrem System zur Zuordnung der Ergebnisse\r\n        (z. B. Debitoren-\/Kreditorennummer oder GUID).\r\n      <\/div>\r\n    <\/div>\r\n\r\n    <div class=\"row small optimus-row-item\">\r\n      <div class=\"col-sm-3 text-left text-bold\">ustId<\/div>\r\n      <div class=\"col-sm-2 text-left\">string<\/div>\r\n      <div class=\"col-sm-7 text-left\">\r\n        Die zu pr\u00fcfende Umsatzsteuer-Identifikationsnummer.\r\n      <\/div>\r\n    <\/div>\r\n\r\n    <div class=\"row small optimus-row-item\">\r\n      <div class=\"col-sm-3 text-left text-bold\">name<\/div>\r\n      <div class=\"col-sm-2 text-left\">string<\/div>\r\n      <div class=\"col-sm-7 text-left\">\r\n        Optionaler Firmenname f\u00fcr die qualifizierte Pr\u00fcfung.\r\n      <\/div>\r\n    <\/div>\r\n\r\n    <div class=\"row small optimus-row-item\">\r\n      <div class=\"col-sm-3 text-left text-bold\">city<\/div>\r\n      <div class=\"col-sm-2 text-left\">string<\/div>\r\n      <div class=\"col-sm-7 text-left\">\r\n        Optionale Ortsangabe f\u00fcr die qualifizierte Pr\u00fcfung.\r\n      <\/div>\r\n    <\/div>\r\n\r\n    <div class=\"row small optimus-row-item\">\r\n      <div class=\"col-sm-3 text-left text-bold\">zip<\/div>\r\n      <div class=\"col-sm-2 text-left\">string<\/div>\r\n      <div class=\"col-sm-7 text-left\">\r\n        Optionale Postleitzahl f\u00fcr die qualifizierte Pr\u00fcfung.\r\n      <\/div>\r\n    <\/div>\r\n\r\n    <div class=\"row small optimus-row-item\">\r\n      <div class=\"col-sm-3 text-left text-bold\">street<\/div>\r\n      <div class=\"col-sm-2 text-left\">string<\/div>\r\n      <div class=\"col-sm-7 text-left\">\r\n        Optionale Stra\u00dfe und Hausnummer f\u00fcr die qualifizierte Pr\u00fcfung.\r\n      <\/div>\r\n    <\/div>\r\n\r\n  <\/div>\r\n<\/div>\r\n<\/div><div class=\"kc-elm kc-css-865305 kc_text_block\"><\/p>\n<p data-start=\"159\" data-end=\"228\"><strong data-start=\"159\" data-end=\"228\">Beispielaufruf mit 2 Datenzeilen (Kommentare dienen ausschlie\u00dflich der Erl\u00e4uterung sind nicht Bestandteil des Request):<\/strong><\/p>\n<p>\n<\/div><div class=\"kc-elm kc-css-804090 kc-table-code table-responsive my-4\"><div class=\"optimus-code-toolbar\">\n    <div class=\"close\"><\/div>\n    <div class=\"restore\"><\/div>\n    <div class=\"minimize\"><\/div>\n<\/div>\n<pre><code class=\"hljs language-javascript\">POST \/api\/implementation\/direct-check\r\nAuthorization: Bearer &lt;AUTH_TOKEN&gt;\r\nContent-Type: application\/json\r\n\r\n{\r\n  \"requestPDFReport\": true, \r\n  \/\/ Erstellt einen PDF-Pr\u00fcfbericht aus den Pr\u00fcfdaten\r\n\r\n  \"digitallySignPdfReportQtsLtv\": true, \r\n  \/\/ Aktiviert eine qualifizierte digitale Zeitstempel-Signatur\r\n  \/\/ (nur in Kombination mit requestPDFReport)\r\n\r\n  \"transliteration\": true, \r\n  \/\/ Transliteriert nicht-lateinische Schriftzeichen in lateinische Schrift\r\n\r\n  \"checkDataList\": [\r\n    {\r\n      \"id\": \"177\",\r\n      \/\/ Eindeutige ID aus Ihrem System zur Zuordnung der Ergebnisse. Da eine USt-ID in bestimmten Konstellationen von mehreren rechtlich oder organisatorisch verbundenen Einheiten verwendet werden kann, ist die USt-ID selbst nicht zwingend eindeutig. Die id muss daher pro Datensatz eindeutig sein.\r\n\r\n      \"ustId\": \"SI13348990\",\r\n      \/\/ Zu pr\u00fcfende Umsatzsteuer-Identifikationsnummer\r\n\r\n      \"name\": \"Calcit\",\r\n      \/\/ Optionaler Firmenname f\u00fcr die qualifizierte Pr\u00fcfung\r\n\r\n      \"zip\": \"2005\",\r\n      \/\/ Optionale Postleitzahl\r\n\r\n      \"street\": \"Stahovica\"\r\n      \/\/ Optionale Stra\u00dfe und Hausnummer\r\n    },\r\n    {\r\n      \"id\": \"214\",\r\n      \"ustId\": \"CZ24801224\",\r\n      \"name\": \"HM pro cz s.r.o.\",\r\n      \"city\": \"PRAHA 10\",\r\n      \"zip\": \"1005\"\r\n    }\r\n  ]\r\n}\r\n<\/code><\/pre><\/div>\n<div class=\"kc-elm kc-css-98407 kc-title-wrap \">\n\n\t<div  id=\"ResultsetDaten\"><h2 class=\"kc_title\">Response:<\/h2><\/div>\n<\/div>\n<div class=\"kc-elm kc-css-88592 kc_text_block\"><\/p>\n<p data-start=\"261\" data-end=\"313\"><strong data-start=\"261\" data-end=\"311\">Die Ergebnisse w\u00fcrden dann wie folgt aussehen:<\/strong><\/p>\n<p>\n<\/div><div class=\"kc-elm kc-css-979072 kc-table-code table-responsive my-4\"><div class=\"optimus-code-toolbar\">\n    <div class=\"close\"><\/div>\n    <div class=\"restore\"><\/div>\n    <div class=\"minimize\"><\/div>\n<\/div>\n<pre><code class=\"hljs language-javascript\">{\r\n  \"pdfBytes\": \"JVBERi0xLjQKJeLj....\",\r\n  \/\/ Optional: Base64-kodierter PDF-Pr\u00fcfbericht\r\n  \/\/ Wird nur zur\u00fcckgegeben, wenn requestPDFReport=true gesetzt wurde\r\n\r\n  \"data\": [\r\n    {\r\n      \"id\": \"177\",\r\n      \/\/ Die im Request \u00fcbergebene eindeutige ID zur Zuordnung des Ergebnisses\r\n\r\n      \"ustID\": \"OK\",\r\n      \/\/ Gesamtergebnis der USt-ID-Pr\u00fcfung\r\n\r\n      \"name\": {\r\n        \"status\": \"OK\"\r\n      \/\/ Firmenname stimmt \u00fcberein\r\n      },\r\n\r\n      \"ort\": {\r\n        \"status\": \"OK\"\r\n      \/\/ Ort stimmt \u00fcberein\r\n      },\r\n\r\n      \"plz\": {\r\n        \"status\": \"ERROR\",\r\n        \"determinedData\": \"100 00\"\r\n        \/\/ Bei nicht \u00fcbereinstimmenden Angaben wird ein korrigierter Wert vorgeschlagen\r\n      },\r\n\r\n      \"strasse\": {\r\n        \"status\": \"NOT_REQUESTED\",\r\n        \"determinedData\": \"\u010cernokosteleck\u00e1 938\/8\"\r\n      }\r\n    },\r\n    {\r\n   \/\/Zweiter Datensatz Ergebnis\r\n      \"id\": \"221\",\r\n\r\n      \"ustID\": \"OK\",\r\n\r\n      \"name\": {\r\n        \"status\": \"ERROR\",\r\n        \"determinedData\": \"CALCIT D.O.O.\"\r\n      },\r\n\r\n      \"ort\": {\r\n        \"status\": \"OK\"\r\n      },\r\n\r\n      \"plz\": {\r\n        \"status\": \"ERROR\",\r\n        \"determinedData\": \"1242\"\r\n      },\r\n\r\n      \"strasse\": {\r\n        \"status\": \"ERROR\",\r\n        \"determinedData\": \"015 Stahovica\"\r\n      }\r\n    }\r\n  ]\r\n}\r\n<\/code><\/pre><\/div><div class=\"kc-elm kc-css-234093 kc_text_block\"><\/p>\n<p>\n<\/div><div class=\"kc-elm kc-css-973235 kc-raw-code\"><h3>GET \/api\/implementation\/quick-check\/{ustId}<\/h3>\r\n\r\n<p>\r\nDer Quick Check dient der <strong>schnellen und unkomplizierten Pr\u00fcfung einer einzelnen USt-ID<\/strong>.\r\nAls Eingabe wird ausschlie\u00dflich die USt-ID im Pfad \u00fcbergeben.\r\n<\/p>\r\n\r\n<p>\r\nDie Schnittstelle liefert unmittelbar das Pr\u00fcfergebnis sowie die zugeh\u00f6rigen\r\nFirmen- und Adressdaten zur\u00fcck, sofern diese ermittelt werden k\u00f6nnen.\r\n<\/p>\r\n\r\n<p>\r\nDer Quick Check eignet sich insbesondere f\u00fcr einfache Pr\u00fcfungen ohne\r\nzus\u00e4tzliche Optionen wie PDF-Berichte oder Signaturen.\r\n<\/p>\r\n<\/div>\n<div class=\"kc-elm kc-css-681644 kc-title-wrap \">\n\n\t<div  id=\"ResultsetDaten\"><h2 class=\"kc_title\">Request<\/h2><\/div>\n<\/div>\n<div class=\"kc-elm kc-css-672498 kc-table-code table-responsive my-4\"><div class=\"optimus-code-toolbar\">\n    <div class=\"close\"><\/div>\n    <div class=\"restore\"><\/div>\n    <div class=\"minimize\"><\/div>\n<\/div>\n<pre><code class=\"hljs language-javascript\">GET \/api\/implementation\/quick-check\/DE284700631\r\nAuthorization: Bearer &lt;AUTH_TOKEN&gt;\r\n<\/code><\/pre><\/div>\n<div class=\"kc-elm kc-css-282524 kc-title-wrap \">\n\n\t<div  id=\"ResultsetDaten\"><h2 class=\"kc_title\">Response:<\/h2><\/div>\n<\/div>\n<div class=\"kc-elm kc-css-421646 kc-table-code table-responsive my-4\"><div class=\"optimus-code-toolbar\">\n    <div class=\"close\"><\/div>\n    <div class=\"restore\"><\/div>\n    <div class=\"minimize\"><\/div>\n<\/div>\n<pre><code class=\"hljs language-javascript\">{\r\n  \"ustId\": \"DE284700631\",\r\n  \"ustIdCheckStatus\": \"OK\",\r\n  \"completeAddressDetermination\": true,\r\n  \"companyName\": \"Optimus Software GmbH\",\r\n  \"companyStreet\": \"Tal 44\",\r\n  \"companyZip\": \"80331\",\r\n  \"companyCity\": \"M\u00fcnchen\"\r\n}\r\n<\/code><\/pre><\/div>\n<div class=\"kc-elm kc-css-19442 kc-title-wrap \">\n\n\t<div  id=\"SwaggerUI\"><h2 class=\"kc_title\">Swagger UI<\/h2><\/div>\n<\/div>\n<div class=\"kc-elm kc-css-733107 kc_text_block\"><\/p>\n<p>Mit Swagger k\u00f6nnen Sie einfach unsere API Beschreibung visualisieren und entsprechend in Client-Basierte SDK Bibliotheken umwandeln um das Mapping der Felder durch Ihre umgebung zu erleichtern.<\/p>\n<p><a href=\"https:\/\/app.swaggerhub.com\/apis\/Optimus-Software-GbH\/CloudPrueferAPI\/1.2\" target=\"_blank\" rel=\"noopener\">https:\/\/app.swaggerhub.com\/apis\/Optimus-Software-GbH\/CloudPrueferAPI\/1.2<\/a><\/p>\n<p>\n<\/div><\/div><\/div><div class=\"kc-elm kc-css-988599 kc_col-of-5 kc_column kc_col-of-5\"><div class=\"kc-col-container\"><div id=\"scrollSpy\">\r\n    <ul class=\"nav nav-list\" data-spy=\"affix\" data-offset-top=\"382\" data-offset-bottom=\"572\">\r\n        <li><a href=\"#Einfuhrung\">Einf\u00fchrung<\/a><\/li>\r\n        <li><a href=\"#SoStarten\">So starten Sie durch<\/a><\/li>\r\n        <li><a href=\"#All-in-One\">All-in-One API<\/a><\/li>\r\n        <li class=\"sub-menu\"><a href=\"#Ubersicht\">\u00dcbersicht<\/a><\/li>\r\n        <li class=\"sub-menu\"><a href=\"#Authentifizierung\">Authentifizierung<\/a><\/li>\r\n        <li class=\"sub-menu\"><a href=\"#Methoden\">Methoden<\/a><\/li>\r\n        <li class=\"sub-menu\"><a href=\"#RequestParameter\">Request Parameter<\/a><\/li>\r\n        <li class=\"sub-menu\"><a href=\"#DataDTO\">DataDTO<\/a><\/li>\r\n        <li class=\"sub-menu\"><a href=\"#Ergebnisse\">Ergebnisse<\/a><\/li>\r\n        <li class=\"sub-menu\"><a href=\"#HTTPResponseCodes\">HTTP Response Codes<\/a><\/li>\r\n        <li class=\"sub-menu\"><a href=\"#ResultsetDaten\">Resultset Daten<\/a><\/li>\r\n        <li class=\"sub-menu\"><a href=\"#ResultDTO\">Result DTO<\/a><\/li>\r\n        <li class=\"sub-menu\"><a href=\"#ResultDataDTO\">ResultData DTO<\/a><\/li>\r\n        <li class=\"sub-menu\"><a href=\"#ResultStatusDTO\">ResultStatus DTO<\/a><\/li>\r\n        <li class=\"sub-menu\"><a href=\"#CheckStatusenum\">CheckStatus enum<\/a><\/li>\r\n        <li class=\"sub-menu\"><a href=\"#SwaggerUI\">Swagger UI<\/a><\/li>\r\n        <li><a href=\"#OnlineUSt-ID\">Online USt-ID Pr\u00fcfer API<\/a><\/li>\r\n        <li class=\"sub-menu\"><a href=\"#Ubersicht2\">\u00dcbersicht<\/a><\/li>\r\n        <li class=\"sub-menu\"><a href=\"#SwaggerUI2\">Swagger UI<\/a><\/li>\r\n    <\/ul>\r\n<\/div>\r\n<script type=\"text\/javascript\" async>\r\n    jQuery(document).ready(function () {\r\n        jQuery('body').scrollspy({target: '#scrollSpy', offset: 100});\r\n        jQuery(\"#scrollSpy ul li a\").click(function (e) {\r\n            e.preventDefault();\r\n            var href = jQuery(this).attr('href');\r\n            jQuery('html, body').animate({\r\n                scrollTop: jQuery(href.toString()).offset().top - 100\r\n            }, 500);\r\n        });\r\n    });\r\n<\/script><\/div><\/div><\/div><\/div><\/section><\/p>\n","protected":false},"excerpt":{"rendered":"","protected":false},"author":2,"featured_media":0,"parent":0,"menu_order":0,"comment_status":"closed","ping_status":"closed","template":"","meta":{"_acf_changed":false,"footnotes":""},"class_list":["post-2335","page","type-page","status-publish","hentry"],"acf":[],"_links":{"self":[{"href":"https:\/\/optimussoftware.de\/en\/wp-json\/wp\/v2\/pages\/2335","targetHints":{"allow":["GET"]}}],"collection":[{"href":"https:\/\/optimussoftware.de\/en\/wp-json\/wp\/v2\/pages"}],"about":[{"href":"https:\/\/optimussoftware.de\/en\/wp-json\/wp\/v2\/types\/page"}],"author":[{"embeddable":true,"href":"https:\/\/optimussoftware.de\/en\/wp-json\/wp\/v2\/users\/2"}],"replies":[{"embeddable":true,"href":"https:\/\/optimussoftware.de\/en\/wp-json\/wp\/v2\/comments?post=2335"}],"version-history":[{"count":7,"href":"https:\/\/optimussoftware.de\/en\/wp-json\/wp\/v2\/pages\/2335\/revisions"}],"predecessor-version":[{"id":3732,"href":"https:\/\/optimussoftware.de\/en\/wp-json\/wp\/v2\/pages\/2335\/revisions\/3732"}],"wp:attachment":[{"href":"https:\/\/optimussoftware.de\/en\/wp-json\/wp\/v2\/media?parent=2335"}],"curies":[{"name":"wp","href":"https:\/\/api.w.org\/{rel}","templated":true}]}}